{"id":354,"date":"2021-10-11T08:54:11","date_gmt":"2021-10-11T08:54:11","guid":{"rendered":"https:\/\/qi149.qodeinteractive.com\/?page_id=354"},"modified":"2023-11-22T10:12:44","modified_gmt":"2023-11-22T10:12:44","slug":"contatti","status":"publish","type":"page","link":"https:\/\/www.intercon.it\/de\/contatti\/","title":{"rendered":"Kontakt"},"content":{"rendered":"<div data-elementor-type=\"wp-page\" data-elementor-id=\"354\" class=\"elementor elementor-354\">\n\t\t\t\t\t\t<section class=\"elementor-section elementor-top-section elementor-element elementor-element-056a5ad elementor-section-full_width elementor-section-height-min-height elementor-section-height-default elementor-section-items-middle qodef-elementor-content-no\" data-id=\"056a5ad\" data-element_type=\"section\" data-settings=\"{&quot;background_background&quot;:&quot;video&quot;,&quot;background_video_link&quot;:&quot;https:\\\/\\\/www.youtube.com\\\/watch?v=OO7TlMLrFLw&amp;ab_channel=Intercon&quot;,&quot;background_video_start&quot;:0}\">\n\t\t\t\t\t\t\t\t<div class=\"elementor-background-video-container elementor-hidden-phone\">\n\t\t\t\t\t\t\t\t\t\t\t\t\t<div class=\"elementor-background-video-embed\"><\/div>\n\t\t\t\t\t\t\t\t\t\t\t\t<\/div>\n\t\t\t\t\t\t\t\t\t<div class=\"elementor-background-overlay\"><\/div>\n\t\t\t\t\t\t\t<div class=\"elementor-container elementor-column-gap-default\">\n\t\t\t\t\t<div class=\"elementor-column elementor-col-100 elementor-top-column elementor-element elementor-element-3affaeb qodef-sticky-column--no\" data-id=\"3affaeb\" data-element_type=\"column\">\n\t\t\t<div class=\"elementor-widget-wrap elementor-element-populated\">\n\t\t\t\t\t\t<div class=\"elementor-element elementor-element-f695599 elementor-widget-divider--view-line elementor-widget elementor-widget-divider\" data-id=\"f695599\" data-element_type=\"widget\" data-widget_type=\"divider.default\">\n\t\t\t\t<div class=\"elementor-widget-container\">\n\t\t\t\t\t<div class=\"elementor-divider\">\n\t\t\t<span class=\"elementor-divider-separator\">\n\t\t\t\t\t\t<\/span>\n\t\t<\/div>\n\t\t\t\t<\/div>\n\t\t\t\t<\/div>\n\t\t\t\t\t<\/div>\n\t\t<\/div>\n\t\t\t\t\t<\/div>\n\t\t<\/section>\n\t\t\t\t<section class=\"elementor-section elementor-top-section elementor-element elementor-element-ab9fd33 elementor-section-full_width qodef-elementor-content-grid elementor-section-height-default elementor-section-height-default\" data-id=\"ab9fd33\" data-element_type=\"section\">\n\t\t\t\t\t\t<div class=\"elementor-container elementor-column-gap-default\">\n\t\t\t\t\t<div class=\"elementor-column elementor-col-50 elementor-top-column elementor-element elementor-element-213d702 qodef-sticky-column--no\" data-id=\"213d702\" data-element_type=\"column\">\n\t\t\t<div class=\"elementor-widget-wrap elementor-element-populated\">\n\t\t\t\t\t\t<div class=\"elementor-element elementor-element-9583fc4 elementor-widget elementor-widget-qi_addons_for_elementor_section_title\" data-id=\"9583fc4\" data-element_type=\"widget\" data-widget_type=\"qi_addons_for_elementor_section_title.default\">\n\t\t\t\t<div class=\"elementor-widget-container\">\n\t\t\t<div class=\"qodef-shortcode qodef-m  qodef-qi-section-title  qodef-decoration--italic  qodef-link--underline-draw qodef-subtitle-icon--left\">\n\t\t\t\t\t\t<h1 class=\"qodef-m-title\">\n\t\tRispondiamo alle richieste dei nostri clienti attuali e futuri.\t<\/h1>\n\t\t\t\t<div class=\"qodef-m-button qodef-qi-clear\">\n\t\t<a class=\"qodef-shortcode qodef-m  qodef-qi-button qodef-html--link qodef-layout--outlined qodef-type--standard   qodef-icon--right qodef-hover--icon-move-horizontal-short\" href=\"mailto:in**@in******.it\" data-original-string=\"vfwANlil1yvkO6lA1Clns63xSAtjHJ9QOeY7PrrlO2o=\" title=\"Dieser Kontakt wurde von Anti-Spam by CleanTalk verschl\u00fcsselt. Klicke hier, um ihn zu entschl\u00fcsseln. Um die Entschl\u00fcsselung abzuschlie\u00dfen, stelle sicher, dass JavaScript in deinem Browser aktiviert ist.\" target=\"_self\">\t<span class=\"qodef-m-text\">Kontaktieren Sie uns<\/span>\t\t<span class=\"qodef-m-icon\">\t\t<span class=\"qodef-m-icon-inner\">\t\t\t<svg xmlns=\"http:\/\/www.w3.org\/2000\/svg\" xmlns:xlink=\"http:\/\/www.w3.org\/1999\/xlink\" x=\"0px\" y=\"0px\" width=\"11.455px\" height=\"16.256px\" viewbox=\"0 0 11.455 16.256\" style=\"stroke:none; enable-background:new 0 0 11.455 16.256\" xml:space=\"preserve\"><path d=\"M11.455,8.085C3.118,6.416,0.901,0,0.901,0s-3.37,6.572,2.927,7.876\"><\/path><path d=\"M11.455,8.085C3.118,9.754,0.901,16.256,0.901,16.256s-3.37-6.572,2.927-7.876\"><\/path><\/svg>\t\t\t\t\t<\/span>\t<\/span><\/a>\t<\/div>\n<\/div>\n\t\t<\/div>\n\t\t\t\t<\/div>\n\t\t\t\t\t<\/div>\n\t\t<\/div>\n\t\t\t\t<div class=\"elementor-column elementor-col-50 elementor-top-column elementor-element elementor-element-242fae0 qodef-sticky-column--no\" data-id=\"242fae0\" data-element_type=\"column\">\n\t\t\t<div class=\"elementor-widget-wrap elementor-element-populated\">\n\t\t\t\t\t\t<div class=\"elementor-element elementor-element-29a2c43 elementor-widget elementor-widget-image\" data-id=\"29a2c43\" data-element_type=\"widget\" data-widget_type=\"image.default\">\n\t\t\t\t<div class=\"elementor-widget-container\">\n\t\t\t\t\t\t\t\t\t\t\t\t\t<img fetchpriority=\"high\" decoding=\"async\" width=\"1300\" height=\"1080\" src=\"https:\/\/www.intercon.it\/wp-content\/uploads\/2023\/07\/Slide5-1300x1080.png\" class=\"attachment-qi_addons_for_elementor_image_size_huge-square size-qi_addons_for_elementor_image_size_huge-square wp-image-2134\" alt=\"\" \/>\t\t\t\t\t\t\t\t\t\t\t\t\t<\/div>\n\t\t\t\t<\/div>\n\t\t\t\t<div class=\"elementor-element elementor-element-3b72ec1 elementor-widget-divider--view-line elementor-widget elementor-widget-divider\" data-id=\"3b72ec1\" data-element_type=\"widget\" data-widget_type=\"divider.default\">\n\t\t\t\t<div class=\"elementor-widget-container\">\n\t\t\t\t\t<div class=\"elementor-divider\">\n\t\t\t<span class=\"elementor-divider-separator\">\n\t\t\t\t\t\t<\/span>\n\t\t<\/div>\n\t\t\t\t<\/div>\n\t\t\t\t<\/div>\n\t\t\t\t<section class=\"elementor-section elementor-inner-section elementor-element elementor-element-c657733 elementor-section-full_width elementor-section-height-default elementor-section-height-default qodef-elementor-content-no\" data-id=\"c657733\" data-element_type=\"section\">\n\t\t\t\t\t\t<div class=\"elementor-container elementor-column-gap-default\">\n\t\t\t\t\t<div class=\"elementor-column elementor-col-50 elementor-inner-column elementor-element elementor-element-06e5ad6 qodef-sticky-column--no\" data-id=\"06e5ad6\" data-element_type=\"column\">\n\t\t\t<div class=\"elementor-widget-wrap elementor-element-populated\">\n\t\t\t\t\t\t<div class=\"elementor-element elementor-element-e481ac0 elementor-widget elementor-widget-qi_addons_for_elementor_section_title\" data-id=\"e481ac0\" data-element_type=\"widget\" data-widget_type=\"qi_addons_for_elementor_section_title.default\">\n\t\t\t\t<div class=\"elementor-widget-container\">\n\t\t\t<div class=\"qodef-shortcode qodef-m  qodef-qi-section-title  qodef-decoration--italic  qodef-link--underline-draw qodef-subtitle-icon--left\">\n\t\t\t\t\t\t<h6 class=\"qodef-m-title\">\n\t\tUnser Hauptsitz\t<\/h6>\n\t\t\t<\/div>\n\t\t<\/div>\n\t\t\t\t<\/div>\n\t\t\t\t<div class=\"elementor-element elementor-element-9b97b99 elementor-widget elementor-widget-qi_addons_for_elementor_icon_with_text\" data-id=\"9b97b99\" data-element_type=\"widget\" data-widget_type=\"qi_addons_for_elementor_icon_with_text.default\">\n\t\t\t\t<div class=\"elementor-widget-container\">\n\t\t\t<div class=\"qodef-shortcode qodef-m  qodef-qi-icon-with-text qodef-layout--before-content    qodef--custom-icon qodef-column-responsive--never\" >\n\t\t\t<div class=\"qodef-m-icon-wrapper\">\n\t\t\t\t<a itemprop=\"url\" href=\"https:\/\/www.bing.com\/maps?osid=ce2018d4-b969-414e-9a9a-e26992508578&#038;cp=46.496106~11.367242&#038;lvl=16.25&#038;pi=0&#038;v=2&#038;sV=2&#038;form=S00027\" target=\"_blank\">\n\t<div class=\"qodef-m-icon-holder\">\n\t\t<svg xmlns=\"http:\/\/www.w3.org\/2000\/svg\" width=\"10.518\" height=\"14.971\"><path data-name=\"Path 1\" d=\"M3.53 6.988a2.356 2.356 0 0 0 1.729.718 2.356 2.356 0 0 0 1.729-.718 2.356 2.356 0 0 0 .717-1.725 2.356 2.356 0 0 0-.718-1.729 2.356 2.356 0 0 0-1.729-.718 2.356 2.356 0 0 0-1.729.718 2.356 2.356 0 0 0-.716 1.729 2.356 2.356 0 0 0 .717 1.725Zm.659-2.8a1.455 1.455 0 0 1 1.069-.439 1.455 1.455 0 0 1 1.067.441 1.455 1.455 0 0 1 .443 1.073 1.455 1.455 0 0 1-.443 1.066 1.455 1.455 0 0 1-1.069.439 1.455 1.455 0 0 1-1.069-.439 1.455 1.455 0 0 1-.437-1.066 1.455 1.455 0 0 1 .439-1.073Zm.736 10.549a.806.806 0 0 0 .234.205.381.381 0 0 0 .293 0 2.2 2.2 0 0 0 .232-.205q.175-.174.468-.528t1.073-1.391q.776-1.04 1.392-2.051a17.112 17.112 0 0 0 1.168-2.358 8.992 8.992 0 0 0 .674-2.52 3.945 3.945 0 0 0 .059-.645A5.051 5.051 0 0 0 8.98 1.538 5.068 5.068 0 0 0 5.259 0a5.068 5.068 0 0 0-3.721 1.538A5.051 5.051 0 0 0 0 5.245a4.1 4.1 0 0 0 .059.674 9.093 9.093 0 0 0 .659 2.476 15.121 15.121 0 0 0 1.23 2.417q.689 1.083 1.377 1.991t1.128 1.421a4.347 4.347 0 0 0 .472.513ZM2.197 2.198A4.151 4.151 0 0 1 5.244.938a4.2 4.2 0 0 1 3.062 1.26A4.127 4.127 0 0 1 9.58 5.245a3.176 3.176 0 0 1-.059.557 8.959 8.959 0 0 1-.63 2.358 13.284 13.284 0 0 1-1.274 2.417q-.762 1.142-1.292 1.86T5.303 13.77q-.528-.615-1.07-1.333t-1.308-1.86a14.763 14.763 0 0 1-1.3-2.414 8.392 8.392 0 0 1-.659-2.358q-.029-.322-.029-.557a4.151 4.151 0 0 1 1.26-3.05Z\" fill=\"#041215\"><\/path><\/svg>\t<\/div>\n\t<\/a>\n\t\t<\/div>\n\t\t<div class=\"qodef-m-content\">\n\t\t\t<p class=\"qodef-m-title\">\n\t\t\t\t\t<a itemprop=\"url\" href=\"https:\/\/www.bing.com\/maps?osid=ce2018d4-b969-414e-9a9a-e26992508578&#038;cp=46.496106~11.367242&#038;lvl=16.25&#038;pi=0&#038;v=2&#038;sV=2&#038;form=S00027\" target=\"_blank\">\n\t\t\t\t\t<span class=\"qodef-m-title-text\">21 Handwerkstrasse, 39100 Bozen BZ, Italien<\/span>\n\t\t\t\t\t<\/a>\n\t\t\t<\/p>\n\t\t\t\t\t\t\t<\/div>\n<\/div>\n\t\t<\/div>\n\t\t\t\t<\/div>\n\t\t\t\t\t<\/div>\n\t\t<\/div>\n\t\t\t\t<div class=\"elementor-column elementor-col-50 elementor-inner-column elementor-element elementor-element-e35613a qodef-sticky-column--no\" data-id=\"e35613a\" data-element_type=\"column\">\n\t\t\t<div class=\"elementor-widget-wrap elementor-element-populated\">\n\t\t\t\t\t\t<div class=\"elementor-element elementor-element-8c6a484 elementor-widget__width-auto elementor-widget elementor-widget-qi_addons_for_elementor_button\" data-id=\"8c6a484\" data-element_type=\"widget\" data-widget_type=\"qi_addons_for_elementor_button.default\">\n\t\t\t\t<div class=\"elementor-widget-container\">\n\t\t\t<a class=\"qodef-shortcode qodef-m  qodef-qi-button qodef-html--link qodef-layout--outlined qodef-type--standard qodef-size--small  qodef-icon--right qodef-hover--icon-move-horizontal-short\" href=\"https:\/\/www.bing.com\/maps?osid=ce2018d4-b969-414e-9a9a-e26992508578&#038;cp=46.496106~11.367242&#038;lvl=16.25&#038;pi=0&#038;v=2&#038;sV=2&#038;form=S00027\" target=\"_self\">\n\t<span class=\"qodef-m-text\">Sie finden uns hier<\/span>\n\t\t<span class=\"qodef-m-icon\">\n\t\t<span class=\"qodef-m-icon-inner\">\n\t\t\t<svg xmlns=\"http:\/\/www.w3.org\/2000\/svg\" xmlns:xlink=\"http:\/\/www.w3.org\/1999\/xlink\" x=\"0px\" y=\"0px\" width=\"11.455px\" height=\"16.256px\" viewbox=\"0 0 11.455 16.256\" style=\"stroke:none; enable-background:new 0 0 11.455 16.256\" xml:space=\"preserve\"><path d=\"M11.455,8.085C3.118,6.416,0.901,0,0.901,0s-3.37,6.572,2.927,7.876\"><\/path><path d=\"M11.455,8.085C3.118,9.754,0.901,16.256,0.901,16.256s-3.37-6.572,2.927-7.876\"><\/path><\/svg>\t\t\t\t\t<\/span>\n\t<\/span>\n<\/a>\n\t\t<\/div>\n\t\t\t\t<\/div>\n\t\t\t\t\t<\/div>\n\t\t<\/div>\n\t\t\t\t\t<\/div>\n\t\t<\/section>\n\t\t\t\t<div class=\"elementor-element elementor-element-5a34f6a elementor-widget-divider--view-line elementor-widget elementor-widget-divider\" data-id=\"5a34f6a\" data-element_type=\"widget\" data-widget_type=\"divider.default\">\n\t\t\t\t<div class=\"elementor-widget-container\">\n\t\t\t\t\t<div class=\"elementor-divider\">\n\t\t\t<span class=\"elementor-divider-separator\">\n\t\t\t\t\t\t<\/span>\n\t\t<\/div>\n\t\t\t\t<\/div>\n\t\t\t\t<\/div>\n\t\t\t\t\t<\/div>\n\t\t<\/div>\n\t\t\t\t\t<\/div>\n\t\t<\/section>\n\t\t\t\t<section class=\"elementor-section elementor-top-section elementor-element elementor-element-57d2ce9 elementor-section-full_width elementor-section-height-default elementor-section-height-default qodef-elementor-content-no\" data-id=\"57d2ce9\" data-element_type=\"section\">\n\t\t\t\t\t\t<div class=\"elementor-container elementor-column-gap-default\">\n\t\t\t\t\t<div class=\"elementor-column elementor-col-100 elementor-top-column elementor-element elementor-element-0b140fb qodef-sticky-column--no\" data-id=\"0b140fb\" data-element_type=\"column\">\n\t\t\t<div class=\"elementor-widget-wrap elementor-element-populated\">\n\t\t\t\t\t\t<div class=\"elementor-element elementor-element-81d9f24 elementor-widget elementor-widget-qi_addons_for_elementor_premium_google_map\" data-id=\"81d9f24\" data-element_type=\"widget\" data-widget_type=\"qi_addons_for_elementor_premium_google_map.default\">\n\t\t\t\t<div class=\"elementor-widget-container\">\n\t\t\t<div class=\"qodef-shortcode qodef-m  qodef-qi-google-map\">\n\t<div class=\"qodef-m-map\" id=\"qodef-map-id--737\" data-addresses='[\"\"]' data-pin=\"https:\/\/www.intercon.it\/wp-content\/plugins\/qi-addons-for-elementor-premium\/inc\/shortcodes\/google-map\/assets\/img\/pin.png\" data-unique-id=\"737\" data-height=\"600\" data-zoom=\"12\" data-street-view=\"yes\" data-map-type=\"yes\" data-map-full-screen=\"yes\" data-map-drag=\"yes\" data-map-scroll=\"no\"><\/div>\n<\/div>\n\t\t<\/div>\n\t\t\t\t<\/div>\n\t\t\t\t\t<\/div>\n\t\t<\/div>\n\t\t\t\t\t<\/div>\n\t\t<\/section>\n\t\t\t\t<section class=\"elementor-section elementor-top-section elementor-element elementor-element-4e84f2c elementor-section-boxed elementor-section-height-default elementor-section-height-default qodef-elementor-content-no\" data-id=\"4e84f2c\" data-element_type=\"section\" data-settings=\"{&quot;background_background&quot;:&quot;classic&quot;}\">\n\t\t\t\t\t\t<div class=\"elementor-container elementor-column-gap-default\">\n\t\t\t\t\t<div class=\"elementor-column elementor-col-100 elementor-top-column elementor-element elementor-element-e3fd2de qodef-sticky-column--no\" data-id=\"e3fd2de\" data-element_type=\"column\">\n\t\t\t<div class=\"elementor-widget-wrap\">\n\t\t\t\t\t\t\t<\/div>\n\t\t<\/div>\n\t\t\t\t\t<\/div>\n\t\t<\/section>\n\t\t\t\t<\/div>","protected":false},"excerpt":{"rendered":"<p>Rispondiamo alle richieste dei nostri clienti attuali e futuri. Contattaci Sede principale Via degli Artigiani, 21 39100 Bolzano BZ, Italia Mappa<\/p>","protected":false},"author":1,"featured_media":0,"parent":0,"menu_order":0,"comment_status":"closed","ping_status":"closed","template":"qi-full-width.php","meta":{"content-type":"","footnotes":""},"class_list":["post-354","page","type-page","status-publish","hentry"],"yoast_head":"<!-- This site is optimized with the Yoast SEO plugin v22.7 - https:\/\/yoast.com\/wordpress\/plugins\/seo\/ -->\n<title>Contatti - INTERCON<\/title>\n<meta name=\"description\" content=\"Sappiamo che ogni progetto ha requisiti tecnici unici. Per qualsiasi dubbio o domanda non esitare a contattarci.\" \/>\n<meta name=\"robots\" content=\"index, follow, max-snippet:-1, max-image-preview:large, max-video-preview:-1\" \/>\n<link rel=\"canonical\" href=\"https:\/\/www.intercon.it\/de\/contatti\/\" \/>\n<meta property=\"og:locale\" content=\"de_DE\" \/>\n<meta property=\"og:type\" content=\"article\" \/>\n<meta property=\"og:title\" content=\"Contatti - INTERCON\" \/>\n<meta property=\"og:description\" content=\"Sappiamo che ogni progetto ha requisiti tecnici unici. Per qualsiasi dubbio o domanda non esitare a contattarci.\" \/>\n<meta property=\"og:url\" content=\"https:\/\/www.intercon.it\/de\/contatti\/\" \/>\n<meta property=\"og:site_name\" content=\"INTERCON\" \/>\n<meta property=\"article:modified_time\" content=\"2023-11-22T10:12:44+00:00\" \/>\n<meta property=\"og:image\" content=\"https:\/\/www.intercon.it\/wp-content\/uploads\/2023\/07\/Slide5-1300x1080.png\" \/>\n<meta name=\"twitter:card\" content=\"summary_large_image\" \/>\n<meta name=\"twitter:label1\" content=\"Gesch\u00e4tzte Lesezeit\" \/>\n\t<meta name=\"twitter:data1\" content=\"1\u00a0Minute\" \/>\n<script type=\"application\/ld+json\" class=\"yoast-schema-graph\">{\"@context\":\"https:\/\/schema.org\",\"@graph\":[{\"@type\":\"WebPage\",\"@id\":\"https:\/\/www.intercon.it\/contatti\/\",\"url\":\"https:\/\/www.intercon.it\/contatti\/\",\"name\":\"Contatti - INTERCON\",\"isPartOf\":{\"@id\":\"https:\/\/www.intercon.it\/#website\"},\"primaryImageOfPage\":{\"@id\":\"https:\/\/www.intercon.it\/contatti\/#primaryimage\"},\"image\":{\"@id\":\"https:\/\/www.intercon.it\/contatti\/#primaryimage\"},\"thumbnailUrl\":\"https:\/\/www.intercon.it\/wp-content\/uploads\/2023\/07\/Slide5-1300x1080.png\",\"datePublished\":\"2021-10-11T08:54:11+00:00\",\"dateModified\":\"2023-11-22T10:12:44+00:00\",\"description\":\"Sappiamo che ogni progetto ha requisiti tecnici unici. Per qualsiasi dubbio o domanda non esitare a contattarci.\",\"breadcrumb\":{\"@id\":\"https:\/\/www.intercon.it\/contatti\/#breadcrumb\"},\"inLanguage\":\"de\",\"potentialAction\":[{\"@type\":\"ReadAction\",\"target\":[\"https:\/\/www.intercon.it\/contatti\/\"]}]},{\"@type\":\"ImageObject\",\"inLanguage\":\"de\",\"@id\":\"https:\/\/www.intercon.it\/contatti\/#primaryimage\",\"url\":\"https:\/\/www.intercon.it\/wp-content\/uploads\/2023\/07\/Slide5-1300x1080.png\",\"contentUrl\":\"https:\/\/www.intercon.it\/wp-content\/uploads\/2023\/07\/Slide5-1300x1080.png\"},{\"@type\":\"BreadcrumbList\",\"@id\":\"https:\/\/www.intercon.it\/contatti\/#breadcrumb\",\"itemListElement\":[{\"@type\":\"ListItem\",\"position\":1,\"name\":\"Home\",\"item\":\"https:\/\/www.intercon.it\/\"},{\"@type\":\"ListItem\",\"position\":2,\"name\":\"Contatti\"}]},{\"@type\":\"WebSite\",\"@id\":\"https:\/\/www.intercon.it\/#website\",\"url\":\"https:\/\/www.intercon.it\/\",\"name\":\"INTERCON\",\"description\":\"Assemblaggio Cavi\",\"publisher\":{\"@id\":\"https:\/\/www.intercon.it\/#organization\"},\"potentialAction\":[{\"@type\":\"SearchAction\",\"target\":{\"@type\":\"EntryPoint\",\"urlTemplate\":\"https:\/\/www.intercon.it\/?s={search_term_string}\"},\"query-input\":\"required name=search_term_string\"}],\"inLanguage\":\"de\"},{\"@type\":\"Organization\",\"@id\":\"https:\/\/www.intercon.it\/#organization\",\"name\":\"INTERCON\",\"url\":\"https:\/\/www.intercon.it\/\",\"logo\":{\"@type\":\"ImageObject\",\"inLanguage\":\"de\",\"@id\":\"https:\/\/www.intercon.it\/#\/schema\/logo\/image\/\",\"url\":\"https:\/\/www.intercon.it\/wp-content\/uploads\/2023\/07\/Intercon-01.png\",\"contentUrl\":\"https:\/\/www.intercon.it\/wp-content\/uploads\/2023\/07\/Intercon-01.png\",\"width\":1777,\"height\":1002,\"caption\":\"INTERCON\"},\"image\":{\"@id\":\"https:\/\/www.intercon.it\/#\/schema\/logo\/image\/\"},\"sameAs\":[\"https:\/\/www.linkedin.com\/company\/interconsrl\/?viewAsMember=true\"]}]}<\/script>\n<!-- \/ Yoast SEO plugin. -->","yoast_head_json":{"title":"Contatti - INTERCON","description":"Sappiamo che ogni progetto ha requisiti tecnici unici. Per qualsiasi dubbio o domanda non esitare a contattarci.","robots":{"index":"index","follow":"follow","max-snippet":"max-snippet:-1","max-image-preview":"max-image-preview:large","max-video-preview":"max-video-preview:-1"},"canonical":"https:\/\/www.intercon.it\/de\/contatti\/","og_locale":"de_DE","og_type":"article","og_title":"Contatti - INTERCON","og_description":"Sappiamo che ogni progetto ha requisiti tecnici unici. Per qualsiasi dubbio o domanda non esitare a contattarci.","og_url":"https:\/\/www.intercon.it\/de\/contatti\/","og_site_name":"INTERCON","article_modified_time":"2023-11-22T10:12:44+00:00","og_image":[{"url":"https:\/\/www.intercon.it\/wp-content\/uploads\/2023\/07\/Slide5-1300x1080.png"}],"twitter_card":"summary_large_image","twitter_misc":{"Gesch\u00e4tzte Lesezeit":"1\u00a0Minute"},"schema":{"@context":"https:\/\/schema.org","@graph":[{"@type":"WebPage","@id":"https:\/\/www.intercon.it\/contatti\/","url":"https:\/\/www.intercon.it\/contatti\/","name":"Contatti - INTERCON","isPartOf":{"@id":"https:\/\/www.intercon.it\/#website"},"primaryImageOfPage":{"@id":"https:\/\/www.intercon.it\/contatti\/#primaryimage"},"image":{"@id":"https:\/\/www.intercon.it\/contatti\/#primaryimage"},"thumbnailUrl":"https:\/\/www.intercon.it\/wp-content\/uploads\/2023\/07\/Slide5-1300x1080.png","datePublished":"2021-10-11T08:54:11+00:00","dateModified":"2023-11-22T10:12:44+00:00","description":"Sappiamo che ogni progetto ha requisiti tecnici unici. Per qualsiasi dubbio o domanda non esitare a contattarci.","breadcrumb":{"@id":"https:\/\/www.intercon.it\/contatti\/#breadcrumb"},"inLanguage":"de","potentialAction":[{"@type":"ReadAction","target":["https:\/\/www.intercon.it\/contatti\/"]}]},{"@type":"ImageObject","inLanguage":"de","@id":"https:\/\/www.intercon.it\/contatti\/#primaryimage","url":"https:\/\/www.intercon.it\/wp-content\/uploads\/2023\/07\/Slide5-1300x1080.png","contentUrl":"https:\/\/www.intercon.it\/wp-content\/uploads\/2023\/07\/Slide5-1300x1080.png"},{"@type":"BreadcrumbList","@id":"https:\/\/www.intercon.it\/contatti\/#breadcrumb","itemListElement":[{"@type":"ListItem","position":1,"name":"Home","item":"https:\/\/www.intercon.it\/"},{"@type":"ListItem","position":2,"name":"Contatti"}]},{"@type":"WebSite","@id":"https:\/\/www.intercon.it\/#website","url":"https:\/\/www.intercon.it\/","name":"INTERCON","description":"Assemblaggio Cavi","publisher":{"@id":"https:\/\/www.intercon.it\/#organization"},"potentialAction":[{"@type":"SearchAction","target":{"@type":"EntryPoint","urlTemplate":"https:\/\/www.intercon.it\/?s={search_term_string}"},"query-input":"required name=search_term_string"}],"inLanguage":"de"},{"@type":"Organization","@id":"https:\/\/www.intercon.it\/#organization","name":"INTERCON","url":"https:\/\/www.intercon.it\/","logo":{"@type":"ImageObject","inLanguage":"de","@id":"https:\/\/www.intercon.it\/#\/schema\/logo\/image\/","url":"https:\/\/www.intercon.it\/wp-content\/uploads\/2023\/07\/Intercon-01.png","contentUrl":"https:\/\/www.intercon.it\/wp-content\/uploads\/2023\/07\/Intercon-01.png","width":1777,"height":1002,"caption":"INTERCON"},"image":{"@id":"https:\/\/www.intercon.it\/#\/schema\/logo\/image\/"},"sameAs":["https:\/\/www.linkedin.com\/company\/interconsrl\/?viewAsMember=true"]}]}},"_links":{"self":[{"href":"https:\/\/www.intercon.it\/de\/wp-json\/wp\/v2\/pages\/354","targetHints":{"allow":["GET"]}}],"collection":[{"href":"https:\/\/www.intercon.it\/de\/wp-json\/wp\/v2\/pages"}],"about":[{"href":"https:\/\/www.intercon.it\/de\/wp-json\/wp\/v2\/types\/page"}],"author":[{"embeddable":true,"href":"https:\/\/www.intercon.it\/de\/wp-json\/wp\/v2\/users\/1"}],"replies":[{"embeddable":true,"href":"https:\/\/www.intercon.it\/de\/wp-json\/wp\/v2\/comments?post=354"}],"version-history":[{"count":65,"href":"https:\/\/www.intercon.it\/de\/wp-json\/wp\/v2\/pages\/354\/revisions"}],"predecessor-version":[{"id":3312,"href":"https:\/\/www.intercon.it\/de\/wp-json\/wp\/v2\/pages\/354\/revisions\/3312"}],"wp:attachment":[{"href":"https:\/\/www.intercon.it\/de\/wp-json\/wp\/v2\/media?parent=354"}],"curies":[{"name":"wp","href":"https:\/\/api.w.org\/{rel}","templated":true}]}}